{"id":172,"date":"2020-08-25T10:49:56","date_gmt":"2020-08-25T13:49:56","guid":{"rendered":"http:\/\/paginaswebmendoza.com\/?page_id=172"},"modified":"2020-08-25T10:57:34","modified_gmt":"2020-08-25T13:57:34","slug":"diseno-web-en-mendoza","status":"publish","type":"page","link":"https:\/\/paginaswebmendoza.com\/index.php\/diseno-web-en-mendoza\/","title":{"rendered":"Dise\u00f1o web en mendoza"},"content":{"rendered":"\n<p>P\u00e1ginas Web Mendoza Desarrollo de sitios web totalmentes nuevos o adaptaci\u00f3n del existente en caso de contar con una p\u00e1gina Web, de dise\u00f1o muy logrado y de f\u00e1cil navegaci\u00f3n, adaptado a las diferentes plataformas (celulares, tablets, PC, etc.). <\/p>\n","protected":false},"excerpt":{"rendered":"<p>P\u00e1ginas Web Mendoza Desarrollo de sitios web totalmentes nuevos o adaptaci\u00f3n del existente en caso de contar con una p\u00e1gina Web, de dise\u00f1o muy logrado y de f\u00e1cil navegaci\u00f3n, adaptado a las diferentes plataformas (celulares, tablets, PC, etc.).<\/p>\n","protected":false},"author":1,"featured_media":71,"parent":0,"menu_order":0,"comment_status":"closed","ping_status":"closed","template":"","meta":{"om_disable_all_campaigns":false,"_monsterinsights_skip_tracking":false,"_monsterinsights_sitenote_active":false,"_monsterinsights_sitenote_note":"","_monsterinsights_sitenote_category":0,"_joinchat":[],"footnotes":""},"class_list":["post-172","page","type-page","status-publish","has-post-thumbnail","hentry"],"aioseo_notices":[],"_links":{"self":[{"href":"https:\/\/paginaswebmendoza.com\/index.php\/wp-json\/wp\/v2\/pages\/172","targetHints":{"allow":["GET"]}}],"collection":[{"href":"https:\/\/paginaswebmendoza.com\/index.php\/wp-json\/wp\/v2\/pages"}],"about":[{"href":"https:\/\/paginaswebmendoza.com\/index.php\/wp-json\/wp\/v2\/types\/page"}],"author":[{"embeddable":true,"href":"https:\/\/paginaswebmendoza.com\/index.php\/wp-json\/wp\/v2\/users\/1"}],"replies":[{"embeddable":true,"href":"https:\/\/paginaswebmendoza.com\/index.php\/wp-json\/wp\/v2\/comments?post=172"}],"version-history":[{"count":2,"href":"https:\/\/paginaswebmendoza.com\/index.php\/wp-json\/wp\/v2\/pages\/172\/revisions"}],"predecessor-version":[{"id":178,"href":"https:\/\/paginaswebmendoza.com\/index.php\/wp-json\/wp\/v2\/pages\/172\/revisions\/178"}],"wp:featuredmedia":[{"embeddable":true,"href":"https:\/\/paginaswebmendoza.com\/index.php\/wp-json\/wp\/v2\/media\/71"}],"wp:attachment":[{"href":"https:\/\/paginaswebmendoza.com\/index.php\/wp-json\/wp\/v2\/media?parent=172"}],"curies":[{"name":"wp","href":"https:\/\/api.w.org\/{rel}","templated":true}]}}