{"id":175,"date":"2020-08-25T10:53:12","date_gmt":"2020-08-25T13:53:12","guid":{"rendered":"http:\/\/paginaswebmendoza.com\/?page_id=175"},"modified":"2020-08-25T10:54:40","modified_gmt":"2020-08-25T13:54:40","slug":"incrementa-tus-ventas","status":"publish","type":"page","link":"https:\/\/paginaswebmendoza.com\/index.php\/incrementa-tus-ventas\/","title":{"rendered":"Incrementa tus ventas"},"content":{"rendered":"\n<p><strong>Publicidad para tu negocio por medio de\u00a0 la p\u00e1gina web<\/strong>. Te permitir\u00e1 promocionar tus productos y servicios \u00a0sin l\u00edmites para tu imaginaci\u00f3n. Tu logo, tu eslogan, tus colores y en general todo lo que fortalezca la imagen corporativa la puedes exhibir en tu p\u00e1gina web. Publicidad efectiva y econ\u00f3mica, Una p\u00e1gina web Premium pude estar arriba de los mil d\u00f3lares; pero f\u00e1cilmente puedes tener un sitio web bastante que cumpla con lo fundamental desde el punto de vista est\u00e9tico y funcional por menos de 200 d\u00f3lares.<\/p>\n","protected":false},"excerpt":{"rendered":"<p>Publicidad para tu negocio por medio de\u00a0 la p\u00e1gina web. Te permitir\u00e1 promocionar tus productos y servicios \u00a0sin l\u00edmites para tu imaginaci\u00f3n. Tu logo, tu eslogan, tus colores y en general todo lo que fortalezca la imagen corporativa la puedes exhibir en tu p\u00e1gina web. Publicidad efectiva y econ\u00f3mica, Una p\u00e1gina web Premium pude estar [&hellip;]<\/p>\n","protected":false},"author":1,"featured_media":71,"parent":0,"menu_order":0,"comment_status":"closed","ping_status":"closed","template":"","meta":{"om_disable_all_campaigns":false,"_monsterinsights_skip_tracking":false,"_monsterinsights_sitenote_active":false,"_monsterinsights_sitenote_note":"","_monsterinsights_sitenote_category":0,"_joinchat":[],"footnotes":""},"class_list":["post-175","page","type-page","status-publish","has-post-thumbnail","hentry"],"aioseo_notices":[],"_links":{"self":[{"href":"https:\/\/paginaswebmendoza.com\/index.php\/wp-json\/wp\/v2\/pages\/175","targetHints":{"allow":["GET"]}}],"collection":[{"href":"https:\/\/paginaswebmendoza.com\/index.php\/wp-json\/wp\/v2\/pages"}],"about":[{"href":"https:\/\/paginaswebmendoza.com\/index.php\/wp-json\/wp\/v2\/types\/page"}],"author":[{"embeddable":true,"href":"https:\/\/paginaswebmendoza.com\/index.php\/wp-json\/wp\/v2\/users\/1"}],"replies":[{"embeddable":true,"href":"https:\/\/paginaswebmendoza.com\/index.php\/wp-json\/wp\/v2\/comments?post=175"}],"version-history":[{"count":1,"href":"https:\/\/paginaswebmendoza.com\/index.php\/wp-json\/wp\/v2\/pages\/175\/revisions"}],"predecessor-version":[{"id":176,"href":"https:\/\/paginaswebmendoza.com\/index.php\/wp-json\/wp\/v2\/pages\/175\/revisions\/176"}],"wp:featuredmedia":[{"embeddable":true,"href":"https:\/\/paginaswebmendoza.com\/index.php\/wp-json\/wp\/v2\/media\/71"}],"wp:attachment":[{"href":"https:\/\/paginaswebmendoza.com\/index.php\/wp-json\/wp\/v2\/media?parent=175"}],"curies":[{"name":"wp","href":"https:\/\/api.w.org\/{rel}","templated":true}]}}