{"id":292,"date":"2024-09-07T12:48:02","date_gmt":"2024-09-07T15:48:02","guid":{"rendered":"https:\/\/paginaswebmendoza.com\/?page_id=292"},"modified":"2025-11-14T10:54:14","modified_gmt":"2025-11-14T13:54:14","slug":"precios","status":"publish","type":"page","link":"https:\/\/paginaswebmendoza.com\/index.php\/precios\/","title":{"rendered":"precios"},"content":{"rendered":"\t\t<div data-elementor-type=\"wp-page\" data-elementor-id=\"292\" class=\"elementor elementor-292\">\n\t\t\t\t\t\t<section class=\"elementor-section elementor-top-section elementor-element elementor-element-3a028fee elementor-section-boxed elementor-section-height-default elementor-section-height-default\" data-id=\"3a028fee\" data-element_type=\"section\">\n\t\t\t\t\t\t<div class=\"elementor-container elementor-column-gap-default\">\n\t\t\t\t\t<div class=\"elementor-column elementor-col-100 elementor-top-column elementor-element elementor-element-4f5c5ce4\" data-id=\"4f5c5ce4\" data-element_type=\"column\">\n\t\t\t<div class=\"elementor-widget-wrap elementor-element-populated\">\n\t\t\t\t\t\t<div class=\"elementor-element elementor-element-6f301f16 elementor-widget elementor-widget-text-editor\" data-id=\"6f301f16\" data-element_type=\"widget\" data-widget_type=\"text-editor.default\">\n\t\t\t\t<div class=\"elementor-widget-container\">\n\t\t\t\t\t\t\t\t\t\n<p>\u00a0\u00a0\u00a0<\/p>\n\n<p>\u00a0\u00a0\u00a0<\/p>\n\n<p>\u00a0<\/p>\n\t\t\t\t\t\t\t\t<\/div>\n\t\t\t\t<\/div>\n\t\t\t\t\t<\/div>\n\t\t<\/div>\n\t\t\t\t\t<\/div>\n\t\t<\/section>\n\t\t\t\t<section class=\"elementor-section elementor-top-section elementor-element elementor-element-95e1b89 elementor-section-boxed elementor-section-height-default elementor-section-height-default\" data-id=\"95e1b89\" data-element_type=\"section\">\n\t\t\t\t\t\t<div class=\"elementor-container elementor-column-gap-default\">\n\t\t\t\t\t<div class=\"elementor-column elementor-col-100 elementor-top-column elementor-element elementor-element-e60ffa6\" data-id=\"e60ffa6\" data-element_type=\"column\">\n\t\t\t<div class=\"elementor-widget-wrap elementor-element-populated\">\n\t\t\t\t\t\t<div class=\"elementor-element elementor-element-bd0f9d7 elementor-tabs-view-horizontal elementor-widget elementor-widget-tabs\" data-id=\"bd0f9d7\" data-element_type=\"widget\" data-widget_type=\"tabs.default\">\n\t\t\t\t<div class=\"elementor-widget-container\">\n\t\t\t\t\t\t\t<div class=\"elementor-tabs\">\n\t\t\t<div class=\"elementor-tabs-wrapper\" role=\"tablist\" >\n\t\t\t\t\t\t\t\t\t<div id=\"elementor-tab-title-1981\" class=\"elementor-tab-title elementor-tab-desktop-title\" aria-selected=\"true\" data-tab=\"1\" role=\"tab\" tabindex=\"0\" aria-controls=\"elementor-tab-content-1981\" aria-expanded=\"false\">Precios en U$S<\/div>\n\t\t\t\t\t\t\t\t\t<div id=\"elementor-tab-title-1982\" class=\"elementor-tab-title elementor-tab-desktop-title\" aria-selected=\"false\" data-tab=\"2\" role=\"tab\" tabindex=\"-1\" aria-controls=\"elementor-tab-content-1982\" aria-expanded=\"false\">Precios en \u20acuros<\/div>\n\t\t\t\t\t\t\t\t\t<div id=\"elementor-tab-title-1983\" class=\"elementor-tab-title elementor-tab-desktop-title\" aria-selected=\"false\" data-tab=\"3\" role=\"tab\" tabindex=\"-1\" aria-controls=\"elementor-tab-content-1983\" aria-expanded=\"false\">Precios en Pesos Argentinos<\/div>\n\t\t\t\t\t\t\t<\/div>\n\t\t\t<div class=\"elementor-tabs-content-wrapper\" role=\"tablist\" aria-orientation=\"vertical\">\n\t\t\t\t\t\t\t\t\t<div class=\"elementor-tab-title elementor-tab-mobile-title\" aria-selected=\"true\" data-tab=\"1\" role=\"tab\" tabindex=\"0\" aria-controls=\"elementor-tab-content-1981\" aria-expanded=\"false\">Precios en U$S<\/div>\n\t\t\t\t\t<div id=\"elementor-tab-content-1981\" class=\"elementor-tab-content elementor-clearfix\" data-tab=\"1\" role=\"tabpanel\" aria-labelledby=\"elementor-tab-title-1981\" tabindex=\"0\" hidden=\"false\"><p>P\u00e1ginas web completas que incluyen:<\/p>\n<ul>\n<li><span style=\"color: #ffffff;\">Dominio por un a\u00f1o.<\/span><\/li>\n<li><span style=\"color: #ffffff;\">Alojamiento web por un a\u00f1o.<\/span><\/li>\n<li><span style=\"color: #ffffff;\">2 cuentas de correo propias<\/span><\/li>\n<li><span style=\"color: #ffffff;\">Certificado de seguridad SSL.<\/span><\/li>\n<\/ul>\n<p>\u00a0<\/p>\n<p><strong>P\u00e1gina Web desde: 299,00 U$S<\/strong><br \/><strong>Tienda online desde: 570,00 U$S<\/strong><\/p>\n<p>Consultar otros proyectos.<\/p><\/div>\n\t\t\t\t\t\t\t\t\t<div class=\"elementor-tab-title elementor-tab-mobile-title\" aria-selected=\"false\" data-tab=\"2\" role=\"tab\" tabindex=\"-1\" aria-controls=\"elementor-tab-content-1982\" aria-expanded=\"false\">Precios en \u20acuros<\/div>\n\t\t\t\t\t<div id=\"elementor-tab-content-1982\" class=\"elementor-tab-content elementor-clearfix\" data-tab=\"2\" role=\"tabpanel\" aria-labelledby=\"elementor-tab-title-1982\" tabindex=\"0\" hidden=\"hidden\"><p>P\u00e1ginas web completas que incluyen:<\/p>\n<ul>\n<li><span style=\"color: #ffffff;\">Dominio por un a\u00f1o.<\/span><\/li>\n<li><span style=\"color: #ffffff;\">Alojamiento web por un a\u00f1o.<\/span><\/li>\n<li><span style=\"color: #ffffff;\">2 cuentas de correo propias<\/span><\/li>\n<li><span style=\"color: #ffffff;\">Certificado de seguridad SSL.<\/span><\/li>\n<\/ul>\n<p><strong>P\u00e1gina Web desde: 280,00 \u20ac<\/strong><br \/><strong>Tienda online desde: 490,00 \u20ac<\/strong><\/p>\n<p><span style=\"color: #ffffff;\"><em>Consultar otros proyectos.<\/em><\/span><\/p><\/div>\n\t\t\t\t\t\t\t\t\t<div class=\"elementor-tab-title elementor-tab-mobile-title\" aria-selected=\"false\" data-tab=\"3\" role=\"tab\" tabindex=\"-1\" aria-controls=\"elementor-tab-content-1983\" aria-expanded=\"false\">Precios en Pesos Argentinos<\/div>\n\t\t\t\t\t<div id=\"elementor-tab-content-1983\" class=\"elementor-tab-content elementor-clearfix\" data-tab=\"3\" role=\"tabpanel\" aria-labelledby=\"elementor-tab-title-1983\" tabindex=\"0\" hidden=\"hidden\"><p>P\u00e1ginas web completas que incluyen:<\/p>\n<ul>\n<li><span style=\"color: #ffffff;\">Dominio por un a\u00f1o.<\/span><\/li>\n<li><span style=\"color: #ffffff;\">Alojamiento web por un a\u00f1o.<\/span><\/li>\n<li><span style=\"color: #ffffff;\">2 cuentas de correo propias<\/span><\/li>\n<li><span style=\"color: #ffffff;\">Certificado de seguridad SSL.<\/span><\/li>\n<\/ul>\n<p>\u00a0<\/p>\n<p><strong>P\u00e1gina Web desde: 395.000,00 AR$<\/strong><br \/><strong>Tienda online desde: 560.000,00 AR$<\/strong><\/p>\n<p>Consultar otros proyectos.<\/p><\/div>\n\t\t\t\t\t\t\t<\/div>\n\t\t<\/div>\n\t\t\t\t\t\t<\/div>\n\t\t\t\t<\/div>\n\t\t\t\t\t<\/div>\n\t\t<\/div>\n\t\t\t\t\t<\/div>\n\t\t<\/section>\n\t\t\t\t<\/div>\n\t\t","protected":false},"excerpt":{"rendered":"<p>\u00a0\u00a0\u00a0 \u00a0\u00a0\u00a0 \u00a0 Precios en U$S Precios en \u20acuros Precios en Pesos Argentinos Precios en U$S P\u00e1ginas web completas que incluyen: Dominio por un a\u00f1o. Alojamiento web por un a\u00f1o. 2 cuentas de correo propias Certificado de seguridad SSL. \u00a0 P\u00e1gina Web desde: 299,00 U$STienda online desde: 570,00 U$S Consultar otros proyectos. Precios en \u20acuros [&hellip;]<\/p>\n","protected":false},"author":1,"featured_media":0,"parent":0,"menu_order":0,"comment_status":"closed","ping_status":"closed","template":"elementor_header_footer","meta":{"om_disable_all_campaigns":false,"_monsterinsights_skip_tracking":false,"_monsterinsights_sitenote_active":false,"_monsterinsights_sitenote_note":"","_monsterinsights_sitenote_category":0,"_joinchat":[],"footnotes":""},"class_list":["post-292","page","type-page","status-publish","hentry"],"aioseo_notices":[],"_links":{"self":[{"href":"https:\/\/paginaswebmendoza.com\/index.php\/wp-json\/wp\/v2\/pages\/292","targetHints":{"allow":["GET"]}}],"collection":[{"href":"https:\/\/paginaswebmendoza.com\/index.php\/wp-json\/wp\/v2\/pages"}],"about":[{"href":"https:\/\/paginaswebmendoza.com\/index.php\/wp-json\/wp\/v2\/types\/page"}],"author":[{"embeddable":true,"href":"https:\/\/paginaswebmendoza.com\/index.php\/wp-json\/wp\/v2\/users\/1"}],"replies":[{"embeddable":true,"href":"https:\/\/paginaswebmendoza.com\/index.php\/wp-json\/wp\/v2\/comments?post=292"}],"version-history":[{"count":69,"href":"https:\/\/paginaswebmendoza.com\/index.php\/wp-json\/wp\/v2\/pages\/292\/revisions"}],"predecessor-version":[{"id":407,"href":"https:\/\/paginaswebmendoza.com\/index.php\/wp-json\/wp\/v2\/pages\/292\/revisions\/407"}],"wp:attachment":[{"href":"https:\/\/paginaswebmendoza.com\/index.php\/wp-json\/wp\/v2\/media?parent=292"}],"curies":[{"name":"wp","href":"https:\/\/api.w.org\/{rel}","templated":true}]}}